{"id":15936,"date":"2024-12-16T12:02:17","date_gmt":"2024-12-16T12:02:17","guid":{"rendered":"https:\/\/www.ddk.gold\/?page_id=15936"},"modified":"2025-03-27T09:32:47","modified_gmt":"2025-03-27T09:32:47","slug":"kontakt","status":"publish","type":"page","link":"https:\/\/www.ddk.gold\/en\/kontakt\/","title":{"rendered":"Contact"},"content":{"rendered":"<div data-elementor-type=\"wp-page\" data-elementor-id=\"15936\" class=\"elementor elementor-15936\">\n\t\t\t\t<div class=\"elementor-element elementor-element-93055a3 e-flex e-con-boxed e-con e-parent\" data-id=\"93055a3\" data-element_type=\"container\">\n\t\t\t\t\t<div class=\"e-con-inner\">\n\t\t\t\t<div class=\"elementor-element elementor-element-d87de97 consalt-star-rating--align-center elementor-widget elementor-widget-witr_section_title\" data-id=\"d87de97\" data-element_type=\"widget\" data-widget_type=\"witr_section_title.default\">\n\t\t\t\t<div class=\"elementor-widget-container\">\n\t\t\t\t\t\t\t\t<!-- title left -->\n\t\t\t\t\t<div class=\"witr_section_title\">\n\t\t\t\t\t\t<div class=\"witr_section_title_inner text-left\">\n\t\t\t\t\t\t\n\t\t\t\t\t\t\t<!-- icon position -->\n\t\t\t\t\t\t\t\t\n\t\t\t\t\t\t\t<!-- end icon position -->\n\t\t\t\t\t\t\n\t\t\t\t\t\t\n\t\t\t\t\t\t\t<!-- title top -->\n\t\t\t\t\t\t\t\n\t\t\t\t\t\t\t<!-- icon position -->\n\t\t\t\t\t\t\t\t\n\t\t\t\t\t\t\t<!-- end icon position -->\n\n\t\t\t\t\t\t\t\n\t\t\t\t\t\t\t<!-- title middle -->\n\t\t\t\t\t\t\t\t\t\t\t\t\t\t\t<h3>CONTACT\n<\/h3>\t\t\n\t\t\t\t\t\t\t\t\t\t\t\t\t\t<!-- title bottom -->\n\t\t\t\t\t\t\t\t\t\t\t\t\t\t\n\t\t\t\t\t\t\t<!-- icon position -->\n\t\t\t\t\t\t\t\t\t\t\t\t\t\t\n\t\t\t\t\t\t\t<!-- image -->\n\t\t\t\t\t\t\t\t\t\t\t\t\t\t<!-- icon -->\n\t\t\t\t\t\t\t\t\t\t\t\t\t\t\n\t\t\t\t\t\t\t<!-- bar -->\n\t\t\t\t\t\t\t\t\t\t\t\t\t\t<!-- circle bar -->\n\t\t\t\t\t\t\t\t\t\t\t\t\t\t\n\t\t\t\t\t\t\t\t\n\t\t\t\t\t\t\t<!-- end icon position -->\n\n\t\t\t\t\t\t\t<!-- content -->\n\t\t\t\t\t\t\t\t\t\t\t\t\t<\/div>\n\t\t\t\t\t\t\t<!-- inner title -->\n\t\t\t\t\t\t\t\t\t\t\t\t\t\n\t\t\t\t\t<\/div>\t\t\t\t\n\t\t\t\t\t\t<\/div>\n\t\t\t\t<\/div>\n\t\t\t\t\t<\/div>\n\t\t\t\t<\/div>\n\t\t<div class=\"elementor-element elementor-element-a04b7d0 e-grid e-con-boxed e-con e-parent\" data-id=\"a04b7d0\" data-element_type=\"container\">\n\t\t\t\t\t<div class=\"e-con-inner\">\n\t\t\t\t<div class=\"elementor-element elementor-element-f513354 elementor-widget elementor-widget-text-editor\" data-id=\"f513354\" data-element_type=\"widget\" data-widget_type=\"text-editor.default\">\n\t\t\t\t<div class=\"elementor-widget-container\">\n\t\t\t\t\t\t\t<div class=\"wp-block-essential-blocks-advanced-heading root-eb-advance-heading-lqaa3\"><div class=\"eb-parent-wrapper eb-parent-eb-advance-heading-lqaa3\"><div class=\"eb-advance-heading-wrapper eb-advance-heading-lqaa3 button-1\" data-id=\"eb-advance-heading-lqaa3\"><p class=\"eb-ah-title\" style=\"margin-bottom: 0px;\"><strong>Dolno\u015bl\u0105ski Dom Kapita\u0142owy Sp. z o.o.<br \/><\/strong><\/p><\/div><\/div><\/div><div class=\"wp-block-essential-blocks-advanced-heading root-eb-advance-heading-iyhh7\"><div class=\"eb-parent-wrapper eb-parent-eb-advance-heading-iyhh7\"><div class=\"eb-advance-heading-wrapper eb-advance-heading-iyhh7 button-1\" data-id=\"eb-advance-heading-iyhh7\"><p class=\"eb-ah-title\" style=\"margin-bottom: 0px;\">Gwia\u017adzista 10\/10<\/p><\/div><\/div><\/div><div class=\"wp-block-essential-blocks-advanced-heading root-eb-advance-heading-gr0h0\"><div class=\"eb-parent-wrapper eb-parent-eb-advance-heading-gr0h0\"><div class=\"eb-advance-heading-wrapper eb-advance-heading-gr0h0 button-1\" data-id=\"eb-advance-heading-gr0h0\"><p class=\"eb-ah-title\">53-413 Wroc\u0142aw<\/p><\/div><\/div><\/div><div class=\"wp-block-essential-blocks-advanced-heading root-eb-advance-heading-khn9i\"><div class=\"eb-parent-wrapper eb-parent-eb-advance-heading-khn9i\"><div class=\"eb-advance-heading-wrapper eb-advance-heading-khn9i button-1\" data-id=\"eb-advance-heading-khn9i\"><p class=\"eb-ah-title\" style=\"margin-bottom: 0px;\">T: <a href=\"tel: 48718808810\">+48 71 880 8810<\/a><\/p><\/div><\/div><\/div><div class=\"wp-block-essential-blocks-advanced-heading root-eb-advance-heading-d3raf\"><div class=\"eb-parent-wrapper eb-parent-eb-advance-heading-d3raf\"><div class=\"eb-advance-heading-wrapper eb-advance-heading-d3raf button-1\" data-id=\"eb-advance-heading-d3raf\"><p class=\"eb-ah-title\">E: <a href=\"mailto:office@ddk.gold\">office@ddk.gold<\/a><\/p><\/div><\/div><\/div><div class=\"wp-block-essential-blocks-advanced-heading root-eb-advance-heading-2pknd\"><div class=\"eb-parent-wrapper eb-parent-eb-advance-heading-2pknd\"><div class=\"eb-advance-heading-wrapper eb-advance-heading-2pknd button-1\" data-id=\"eb-advance-heading-2pknd\"><p class=\"eb-ah-title\" style=\"margin-bottom: 0px;\">NIP: 894 305 89 80<\/p><\/div><\/div><\/div><div class=\"wp-block-essential-blocks-advanced-heading root-eb-advance-heading-9k6q6\"><div class=\"eb-parent-wrapper eb-parent-eb-advance-heading-9k6q6\"><div class=\"eb-advance-heading-wrapper eb-advance-heading-9k6q6 button-1\" data-id=\"eb-advance-heading-9k6q6\"><p class=\"eb-ah-title\">KRS: 0000533743<\/p><\/div><\/div><\/div>\t\t\t\t\t\t<\/div>\n\t\t\t\t<\/div>\n\t\t\t\t<div class=\"elementor-element elementor-element-6fab182 elementor-widget elementor-widget-html\" data-id=\"6fab182\" data-element_type=\"widget\" data-widget_type=\"html.default\">\n\t\t\t\t<div class=\"elementor-widget-container\">\n\t\t\t<iframe src=\"https:\/\/www.google.com\/maps\/embed?pb=!1m18!1m12!1m3!1d2505.580150124356!2d17.02027917755278!3d51.09775544054525!2m3!1f0!2f0!3f0!3m2!1i1024!2i768!4f13.1!3m3!1m2!1s0x470fc26c85c39549%3A0x8abd02040d7c617a!2sGwia%C5%BAdzista%2010%2F10%2C%2053-413%20Wroc%C5%82aw!5e0!3m2!1spl!2spl!4v1729249805672!5m2!1spl!2spl\" width=\"100%\" height=\"350\" style=\"border:0;\" allowfullscreen=\"\" loading=\"lazy\" referrerpolicy=\"no-referrer-when-downgrade\"><\/iframe>\t\t<\/div>\n\t\t\t\t<\/div>\n\t\t\t\t\t<\/div>\n\t\t\t\t<\/div>\n\t\t\t\t<\/div>","protected":false},"excerpt":{"rendered":"<p>KONTAKT Dolno\u015bl\u0105ski Dom Kapita\u0142owy Sp. z o.o. Gwia\u017adzista 10\/10 53-413 Wroc\u0142aw T: +48 71 880 8810 E: office@ddk.gold NIP: 894 305 89 80 KRS: 0000533743<\/p>","protected":false},"author":1,"featured_media":0,"parent":0,"menu_order":0,"comment_status":"closed","ping_status":"closed","template":"elementor_header_footer","meta":{"_monsterinsights_skip_tracking":false,"_monsterinsights_sitenote_active":false,"_monsterinsights_sitenote_note":"","_monsterinsights_sitenote_category":0,"footnotes":""},"class_list":["post-15936","page","type-page","status-publish","hentry"],"aioseo_notices":[],"_links":{"self":[{"href":"https:\/\/www.ddk.gold\/en\/wp-json\/wp\/v2\/pages\/15936","targetHints":{"allow":["GET"]}}],"collection":[{"href":"https:\/\/www.ddk.gold\/en\/wp-json\/wp\/v2\/pages"}],"about":[{"href":"https:\/\/www.ddk.gold\/en\/wp-json\/wp\/v2\/types\/page"}],"author":[{"embeddable":true,"href":"https:\/\/www.ddk.gold\/en\/wp-json\/wp\/v2\/users\/1"}],"replies":[{"embeddable":true,"href":"https:\/\/www.ddk.gold\/en\/wp-json\/wp\/v2\/comments?post=15936"}],"version-history":[{"count":43,"href":"https:\/\/www.ddk.gold\/en\/wp-json\/wp\/v2\/pages\/15936\/revisions"}],"predecessor-version":[{"id":16413,"href":"https:\/\/www.ddk.gold\/en\/wp-json\/wp\/v2\/pages\/15936\/revisions\/16413"}],"wp:attachment":[{"href":"https:\/\/www.ddk.gold\/en\/wp-json\/wp\/v2\/media?parent=15936"}],"curies":[{"name":"wp","href":"https:\/\/api.w.org\/{rel}","templated":true}]}}